{"id":2670,"date":"2024-09-25T13:24:57","date_gmt":"2024-09-25T11:24:57","guid":{"rendered":"https:\/\/hunog.hu\/?page_id=2670"},"modified":"2025-12-12T10:32:52","modified_gmt":"2025-12-12T09:32:52","slug":"apply-to-speak","status":"publish","type":"page","link":"https:\/\/hunog.hu\/en\/apply-to-speak\/","title":{"rendered":"Apply to speak"},"content":{"rendered":"<section class=\"bde-section-2670-112 bde-section\">\n  \n  \n\t\n\n\n\n<div class=\"section-container\"><div class=\"bde-text-2670-123 bde-text\">\n\n<\/div><h1 class=\"bde-heading-2670-114 bde-heading\">\nApply to speak\n<\/h1><div class=\"bde-button-2670-124 bde-button\">\n    \n                        \n                        \n    \n    \n    \n    \n            \n                    \n            \n            \n\n    \n    \n    \n    \n    \n    <a class=\"breakdance-link button-atom button-atom--custom bde-button__button\" href=\"https:\/\/hunog.hu\/wp-content\/uploads\/2025\/12\/Call-for-presentations_HUNOG_4.pdf\" target=\"_self\" data-type=\"url\"  >\n\n    \n        <span class=\"button-atom__text\">CALL FOR PRESENTATIONS<\/span>\n\n        \n        \n                <\/a>\n\n    \n\n\n<\/div><div class=\"bde-rich-text-2670-118 bde-rich-text breakdance-rich-text-styles\">\n<p style=\"text-align: left;\"><strong>About HUNOG<\/strong><\/p>\n<p style=\"text-align: left;\">The fourth HUNOG conference will be held on 30 September \u2013 1 October 2026.\nThis two-day professional conference and networking event is dedicated to network operators, system administrators, and domain registrars.<\/p>\n<p style=\"text-align: left;\"><strong>All presentations are reviewed by the Program Committee, which is responsible for compiling the professional program.<\/strong><\/p>\n<p style=\"text-align: left;\">Each presentation is allocated a 20-minute time slot.<\/p>\n<p style=\"text-align: left;\"><strong>Submission Deadline<\/strong><\/p>\n<p style=\"text-align: left;\">We kindly ask you to submit your presentation proposals by 1 June 2026, in either Hungarian or English. Proposals submitted after the deadline will only be considered if there are still available slots.<\/p>\n<p style=\"text-align: left;\">HUNOG is an in-person conference; therefore, we ask that presenters attend the event in person.<\/p>\n<p style=\"text-align: left;\">If you have any questions or special requests regarding your presentation submission, please contact the HUNOG organizers at <a href=\"mailto:info@hunog.hu\">info@hunog.hu<\/a> .<\/p>\n<p style=\"text-align: left;\"><strong>At the HUNOG_4 conference, the X-PERIENCE package will be available again!<\/strong>\u00a0<strong>X-PERIENCE<\/strong> csomagot!<\/p>\n<p style=\"text-align: left;\">This exclusive option is only available as part of a sponsorship package and includes a dedicated private meeting room and a 45-minute technical showcase session. The goal of X-PERIENCE is to give you the stage to present your solution freely, without branding restrictions, in front of an audience of experts and decision-makers.<\/p>\n<p style=\"text-align: left;\">You can find further details in the HUNOG_4 offer brochure by <a href=\"https:\/\/hunog.hu\/wp-content\/uploads\/2025\/12\/HUNOG_4-Sponsorship-packages_final.pdf\"><strong>clicking here<\/strong><\/a>!<\/p>\n<\/div><div class=\"bde-frequently-asked-questions-2670-119 bde-frequently-asked-questions\">\n      <div class=\"bde-faq__item\">\n      <h6 class=\"bde-faq__title-tag\">\n       <button id=\"bde-faq-119-button-1\" aria-expanded=\"false\" aria-controls=\"bde-faq-119-1\" class=\"bde-faq__question js-faq-item\">\n          <span class=\"bde-faq__title\">Presentation Specifications<\/span>\n                           <div aria-hidden=\"true\" class=\"bde-faq__icon bde-faq__icon--inactive\">\n                                <svg xmlns=\"http:\/\/www.w3.org\/2000\/svg\" viewbox=\"0 0 32 32\">\r\n<path d=\"M31 12h-11v-11c0-0.552-0.448-1-1-1h-6c-0.552 0-1 0.448-1 1v11h-11c-0.552 0-1 0.448-1 1v6c0 0.552 0.448 1 1 1h11v11c0 0.552 0.448 1 1 1h6c0.552 0 1-0.448 1-1v-11h11c0.552 0 1-0.448 1-1v-6c0-0.552-0.448-1-1-1z\"\/>\r\n<\/svg>\n                            <\/div>\n         \t  <div aria-hidden=\"true\" class=\"bde-faq__icon bde-faq__icon--active\">\n                                <svg xmlns=\"http:\/\/www.w3.org\/2000\/svg\" viewbox=\"0 0 448 512\"><!-- Font Awesome Free 5.15.1 by @fontawesome - https:\/\/fontawesome.com License - https:\/\/fontawesome.com\/license\/free (Icons: CC BY 4.0, Fonts: SIL OFL 1.1, Code: MIT License) --><path d=\"M416 208H32c-17.67 0-32 14.33-32 32v32c0 17.67 14.33 32 32 32h384c17.67 0 32-14.33 32-32v-32c0-17.67-14.33-32-32-32z\"\/><\/svg>\n                            <\/div>\n                  <\/button>\n      <\/h6>\n      <div role=\"region\" aria-labelledby=\"bde-faq-119-button-1\" id=\"bde-faq-119-1\" class=\"bde-faq__answer\">\n        <div class=\"bde-faq__answer-content\">\n            <div class=\"breakdance-rich-text-styles\"><ul>\n<li>Format: PPT, PPTX, or PDF<\/li>\n<li>Aspect Ratio: 16:9<\/li>\n<li>Font Size: Minimum 28pt<\/li>\n<\/ul><\/div>\n\n                    <\/div>\n      <\/div>\n    <\/div>\n      <div class=\"bde-faq__item\">\n      <h6 class=\"bde-faq__title-tag\">\n       <button id=\"bde-faq-119-button-2\" aria-expanded=\"false\" aria-controls=\"bde-faq-119-2\" class=\"bde-faq__question js-faq-item\">\n          <span class=\"bde-faq__title\">Presentation Guidelines<\/span>\n                           <div aria-hidden=\"true\" class=\"bde-faq__icon bde-faq__icon--inactive\">\n                                <svg xmlns=\"http:\/\/www.w3.org\/2000\/svg\" viewbox=\"0 0 32 32\">\r\n<path d=\"M31 12h-11v-11c0-0.552-0.448-1-1-1h-6c-0.552 0-1 0.448-1 1v11h-11c-0.552 0-1 0.448-1 1v6c0 0.552 0.448 1 1 1h11v11c0 0.552 0.448 1 1 1h6c0.552 0 1-0.448 1-1v-11h11c0.552 0 1-0.448 1-1v-6c0-0.552-0.448-1-1-1z\"\/>\r\n<\/svg>\n                            <\/div>\n         \t  <div aria-hidden=\"true\" class=\"bde-faq__icon bde-faq__icon--active\">\n                                <svg xmlns=\"http:\/\/www.w3.org\/2000\/svg\" viewbox=\"0 0 448 512\"><!-- Font Awesome Free 5.15.1 by @fontawesome - https:\/\/fontawesome.com License - https:\/\/fontawesome.com\/license\/free (Icons: CC BY 4.0, Fonts: SIL OFL 1.1, Code: MIT License) --><path d=\"M416 208H32c-17.67 0-32 14.33-32 32v32c0 17.67 14.33 32 32 32h384c17.67 0 32-14.33 32-32v-32c0-17.67-14.33-32-32-32z\"\/><\/svg>\n                            <\/div>\n                  <\/button>\n      <\/h6>\n      <div role=\"region\" aria-labelledby=\"bde-faq-119-button-2\" id=\"bde-faq-119-2\" class=\"bde-faq__answer\">\n        <div class=\"bde-faq__answer-content\">\n            <div class=\"breakdance-rich-text-styles\"><p>The HUNOG audience does not favor commercial presentations; therefore, the Program Committee does not allow product marketing content. Based on previous feedback, the most successful presentations focus on sharing operational experiences, presenting research findings, or showcasing case studies. If you wish to introduce a commercial solution, it is recommended to focus on the underlying technology rather than the detailed promotion of the product itself.<\/p>\n<p>If you would like to present a commercial solution or product, we recommend the X-PERIENCE package, the details of which are provided above and in the <a href=\"https:\/\/hunog.hu\/wp-content\/uploads\/2025\/12\/HUNOG_4-Sponsorship-packages_final.pdf\">sponsorship brochure<\/a> .<\/p>\n<p>Important Notes: The Program Committee reserves the right to review and approve all Tech Demo sessions.<\/p>\n<p>Please note that all presentations at HUNOG will be made publicly available on our website after the conference. If you plan to present sensitive information that you do not wish to be published, please carefully consider the content of your presentation!<\/p><\/div>\n\n                    <\/div>\n      <\/div>\n    <\/div>\n  \n<\/div><\/div>\n<\/section>","protected":false},"excerpt":{"rendered":"<p>Jelentkezz el\u0151ad\u00f3nak FELH\u00cdV\u00c1S KONFERENCI\u00c1N T\u00d6RT\u00c9N\u0150 EL\u0150AD\u00c1SRA A HUNOG-r\u00f3l A HUNOG negyedik alkalommal ker\u00fcl megrendez\u00e9sre 2026. szeptember 30. \u00e9s okt\u00f3ber 1. k\u00f6z\u00f6tt. A konferencia a h\u00e1l\u00f3zat\u00fczemeltet\u0151k, rendszergazd\u00e1k, domainregisztr\u00e1torok k\u00e9tnapos szakmai konferenci\u00e1ja \u00e9s networking esem\u00e9nye. Az el\u0151ad\u00e1sokat a szakmai program \u00f6ssze\u00e1ll\u00edt\u00e1s\u00e1\u00e9rt felel\u0151s Program Committee b\u00edr\u00e1lja. Minden el\u0151ad\u00e1sra 20 perces id\u0151keret biztos\u00edtott. Jelentkez\u00e9si hat\u00e1rid\u0151: Az el\u0151ad\u00e1sokra vonatkoz\u00f3 javaslatokat [&hellip;]<\/p>","protected":false},"author":7,"featured_media":0,"parent":0,"menu_order":0,"comment_status":"closed","ping_status":"closed","template":"","meta":{"_acf_changed":false,"_seopress_robots_primary_cat":"","_seopress_titles_title":"","_seopress_titles_desc":"","_seopress_robots_index":"","_breakdance_hide_in_design_set":false,"_breakdance_tags":"","footnotes":""},"class_list":["post-2670","page","type-page","status-publish","hentry"],"acf":[],"_links":{"self":[{"href":"https:\/\/hunog.hu\/en\/wp-json\/wp\/v2\/pages\/2670","targetHints":{"allow":["GET"]}}],"collection":[{"href":"https:\/\/hunog.hu\/en\/wp-json\/wp\/v2\/pages"}],"about":[{"href":"https:\/\/hunog.hu\/en\/wp-json\/wp\/v2\/types\/page"}],"author":[{"embeddable":true,"href":"https:\/\/hunog.hu\/en\/wp-json\/wp\/v2\/users\/7"}],"replies":[{"embeddable":true,"href":"https:\/\/hunog.hu\/en\/wp-json\/wp\/v2\/comments?post=2670"}],"version-history":[{"count":0,"href":"https:\/\/hunog.hu\/en\/wp-json\/wp\/v2\/pages\/2670\/revisions"}],"wp:attachment":[{"href":"https:\/\/hunog.hu\/en\/wp-json\/wp\/v2\/media?parent=2670"}],"curies":[{"name":"wp","href":"https:\/\/api.w.org\/{rel}","templated":true}]}}